{"id":27,"date":"2018-01-09T14:29:02","date_gmt":"2018-01-09T13:29:02","guid":{"rendered":"https:\/\/broadbit-batteries.synology.me\/wordpress\/?page_id=27"},"modified":"2025-10-11T06:33:51","modified_gmt":"2025-10-11T04:33:51","slug":"scientific-papers-and-presentations","status":"publish","type":"page","link":"https:\/\/cleanhme.eu\/?page_id=27","title":{"rendered":"Scientific Publications"},"content":{"rendered":"\n<p>Czerski, Konrad. 2022. \u201cDeuteron-Deuteron Nuclear Reactions at Extremely Low Energies.\u201d <em>Physical Review C<\/em> 106. <a href=\"https:\/\/doi.org\/10.1103\/PhysRevC.106.L011601\" target=\"_blank\" rel=\"noreferrer noopener\">https:\/\/doi.org\/10.1103\/PhysRevC.106.L011601<\/a>.<\/p>\n\n\n\n<p>Cvetinovi\u0107, A., D. \u0110eor\u0111i\u0107, G. L. Guardo, M. Kelemen, M. La Cognata, L. Lamia, S. Markelj, et al. 2023. \u201cElectron Screening in Palladium.\u201d <em>Physics Letters B<\/em> 838. <a href=\"https:\/\/doi.org\/10.1016\/j.physletb.2023.137684\" target=\"_blank\" rel=\"noreferrer noopener\">https:\/\/doi.org\/10.1016\/j.physletb.2023.137684<\/a>.<\/p>\n\n\n\n<p>Carpinteri, Alberto, Oscar Borla, and Federico Accornero. 2023. \u201cGypsum and Quartz Specimens in Compression Failure: Fracto-Emissions and Related Stoichiometric Balances.\u201d <em>Engineering Fracture Mechanics<\/em> 284. <a href=\"https:\/\/doi.org\/10.1016\/j.engfracmech.2023.109202\" target=\"_blank\" rel=\"noreferrer noopener\">https:\/\/doi.org\/10.1016\/j.engfracmech.2023.109202<\/a>.<\/p>\n\n\n\n<p>Agata Kowalska, Konrad Czerski, Pawe\u0142 Horodek, Krzysztof Siemek, Mateusz Kaczmarski, Natalia Targosz-\u015al\u0119czka, Mathieu Valat, et al. 2023. \u201cCrystal Lattice Defects in Deuterated Zr in Presence of O and C Impurities Studied by PAS and XRD for Electron Screening Effect.\u201d <em>Materials<\/em> 16. <a rel=\"noreferrer noopener\" href=\"https:\/\/doi.org\/10.3390\/ma16186255\" target=\"_blank\">https:\/\/doi.org\/10.3390\/ma16186255<\/a>.<\/p>\n\n\n\n<p>Carpinteri, Alberto; Borla, Oscar; Lucia, Umberto; Zucchetti, Massimo. 2023. &#8220;TeraHertz Vibrations and Phono-Fission Reactions from Crushing of Iron-rich Natural Rocks&#8221; Journal of Condensed Matter Nuclear Science, Issue 37, Pages 84-97 &#8211; ISSN 2227-3123. <a rel=\"noreferrer noopener\" href=\"https:\/\/iris.polito.it\/retrieve\/handle\/11583\/2982672\/685195\" target=\"_blank\">https:\/\/iris.polito.it\/retrieve\/handle\/11583\/2982672\/685195<\/a><\/p>\n\n\n\n<p>Alberto Carpinteri, Oscar Borla, Manuel Amedeo. 2023. &#8220;Hydrogen Embrittlement, Microcracking, and THz Vibrations in the Metal Electrodes of Cold-Fusion Electrolysis Experiments: Repeatability of Nuclear and Stoichiometric Balances&#8221; Journal of Condensed Matter Nuclear Science, Issue 37, Pages 68-83, ISSN 2227-3123.<\/p>\n\n\n\n<p>H, Gokul Das, R. Dubey, K. Czerski, M. Kaczmarski, A. Kowalska, N. Targosz\u2013\u015al\u0119czka, and M. Valat. \u201cHigh-Energy Electron Measurements with Thin Si Detectors.\u201d <em>Measurement<\/em> 228, 2024, 114392. <a href=\"https:\/\/doi.org\/10.1016\/j.measurement.2024.114392\">https:\/\/doi.org\/10.1016\/j.measurement.2024.114392<\/a>.<\/p>\n\n\n\n<p>Czerski, K., R. Dubey, M. Kaczmarski, A. Kowalska, N. Targosz-\u015al\u0119czka, G. Das Haridas, and M. Valat. \u201cIndications of Electron Emission from the Deuteron-Deuteron Threshold Resonance.\u201d <em>Physical Review C<\/em> 109, 2024, L021601. <a href=\"https:\/\/doi.org\/10.1103\/PhysRevC.109.L021601\">https:\/\/doi.org\/10.1103\/PhysRevC.109.L021601<\/a>.<\/p>\n\n\n\n<p>Dubey, R., K. Czerski, Gokul Das H, M. Kaczmarski, A. Kowalska, N. Targosz-\u015al\u0119czka, and M. Valat. \u201cObservation of a New Decay Channel of the DD Threshold Resonance.\u201d <em>Acta Physica Polonica B Proceedings Supplement<\/em> 17, no. 3 (2024). <a href=\"https:\/\/doi.org\/10.5506\/APhysPolBSupp.17.3-A35\">https:\/\/doi.org\/10.5506\/APhysPolBSupp.17.3-A35<\/a>.<\/p>\n\n\n\n<p>Jean-Paul Biberian, Robert Michel, Christophe Le Roux, Mathieu Valat, S\u00e9bastien Bucher, Arnaud Kodeck, Per J.R. Sj\u00f6berg, Jacques Ruer, Damien Chaudanson. &#8220;Excess Heat in Nanoparticles of Nickel Alloys in Hydrogen&#8221; Journal of Condensed Matter Nuclear Science, Issue 38 (2024) 186\u2013195,  ISSN 2227-3123.<\/p>\n\n\n\n<p>Kowalska, A., Kaczmarski, M., Czerski, K., Dubey, R., Das Haridas, G., Valat, M., Targosz-\u015al\u0119czka, N., Figiel, P., S\u0142owik, J. and Baranowska, J. &#8220;Electron Screening in Deuteron\u2013Deuteron Reactions on a Zr Target with Oxygen and Carbon Contamination&#8221; <em>Materials<\/em>, volume\u00a0<em>18<\/em>(6) (2025)<br><a href=\"https:\/\/doi.org\/10.3390\/ma18061331\">https:\/\/doi.org\/10.3390\/ma18061331<\/a><\/p>\n\n\n\n<p>Dubey, R., K. Czerski, Gokul Das H, M. Kaczmarski, A. Kowalska, N. Targosz-\u015al\u0119czka, and M. Valat. &#8220;Experimental Signatures of a New Channel of the Deuteron-Deuteron Reaction at Very Low Energy&#8221; <em>Physical Review X<\/em>, volume\u00a0<em>15<\/em> (2025)<br><a href=\"https:\/\/doi.org\/10.3390\/ma18061331\">https:\/\/journals.aps.org\/prx\/abstract\/10.1103\/chlp-b215<\/a><\/p>\n","protected":false},"excerpt":{"rendered":"<p>Czerski, Konrad. 2022. \u201cDeuteron-Deuteron Nuclear Reactions at Extremely Low Energies.\u201d Physical Review C 106. https:\/\/doi.org\/10.1103\/PhysRevC.106.L011601. Cvetinovi\u0107, A., D. \u0110eor\u0111i\u0107, G. L. Guardo, M. Kelemen, M. La Cognata, L. Lamia, S.<\/p>\n","protected":false},"author":1,"featured_media":0,"parent":0,"menu_order":0,"comment_status":"closed","ping_status":"closed","template":"","meta":[],"_links":{"self":[{"href":"https:\/\/cleanhme.eu\/index.php?rest_route=\/wp\/v2\/pages\/27"}],"collection":[{"href":"https:\/\/cleanhme.eu\/index.php?rest_route=\/wp\/v2\/pages"}],"about":[{"href":"https:\/\/cleanhme.eu\/index.php?rest_route=\/wp\/v2\/types\/page"}],"author":[{"embeddable":true,"href":"https:\/\/cleanhme.eu\/index.php?rest_route=\/wp\/v2\/users\/1"}],"replies":[{"embeddable":true,"href":"https:\/\/cleanhme.eu\/index.php?rest_route=%2Fwp%2Fv2%2Fcomments&post=27"}],"version-history":[{"count":38,"href":"https:\/\/cleanhme.eu\/index.php?rest_route=\/wp\/v2\/pages\/27\/revisions"}],"predecessor-version":[{"id":722,"href":"https:\/\/cleanhme.eu\/index.php?rest_route=\/wp\/v2\/pages\/27\/revisions\/722"}],"wp:attachment":[{"href":"https:\/\/cleanhme.eu\/index.php?rest_route=%2Fwp%2Fv2%2Fmedia&parent=27"}],"curies":[{"name":"wp","href":"https:\/\/api.w.org\/{rel}","templated":true}]}}